{"id":969,"date":"2024-07-09T12:01:20","date_gmt":"2024-07-09T12:01:20","guid":{"rendered":"https:\/\/intranet.masterskip.com\/dagsudflugt\/"},"modified":"2024-08-15T13:46:01","modified_gmt":"2024-08-15T13:46:01","slug":"dagsudflugt","status":"publish","type":"page","link":"https:\/\/intranet.masterskip.com\/da\/dagsudflugt\/","title":{"rendered":"Dagsudflugt"},"content":{"rendered":"\t\t<div data-elementor-type=\"wp-page\" data-elementor-id=\"969\" class=\"elementor elementor-969 elementor-208\" data-elementor-post-type=\"page\">\n\t\t\t\t\t\t<section class=\"elementor-section elementor-top-section elementor-element elementor-element-99e6bfa elementor-section-height-min-height elementor-section-boxed elementor-section-height-default elementor-section-items-middle\" data-id=\"99e6bfa\" data-element_type=\"section\" data-e-type=\"section\" data-settings=\"{&quot;background_background&quot;:&quot;classic&quot;}\">\n\t\t\t\t\t\t\t<div class=\"elementor-background-overlay\"><\/div>\n\t\t\t\t\t\t\t<div class=\"elementor-container elementor-column-gap-default\">\n\t\t\t\t\t<div class=\"elementor-column elementor-col-100 elementor-top-column elementor-element elementor-element-431306c\" data-id=\"431306c\" data-element_type=\"column\" data-e-type=\"column\">\n\t\t\t<div class=\"elementor-widget-wrap elementor-element-populated\">\n\t\t\t\t\t\t<div class=\"elementor-element elementor-element-57191e7 elementor-widget elementor-widget-heading\" data-id=\"57191e7\" data-element_type=\"widget\" data-e-type=\"widget\" data-widget_type=\"heading.default\">\n\t\t\t\t<div class=\"elementor-widget-container\">\n\t\t\t\t\t<h1 class=\"elementor-heading-title elementor-size-default\">DAGSTURE<\/h1>\t\t\t\t<\/div>\n\t\t\t\t<\/div>\n\t\t\t\t<div class=\"elementor-element elementor-element-736c5e0 elementor-widget elementor-widget-heading\" data-id=\"736c5e0\" data-element_type=\"widget\" data-e-type=\"widget\" data-widget_type=\"heading.default\">\n\t\t\t\t<div class=\"elementor-widget-container\">\n\t\t\t\t\t<h2 class=\"elementor-heading-title elementor-size-default\">P\u00e5 Wylde-svanen<\/h2>\t\t\t\t<\/div>\n\t\t\t\t<\/div>\n\t\t\t\t\t<\/div>\n\t\t<\/div>\n\t\t\t\t\t<\/div>\n\t\t<\/section>\n\t\t\t\t<section class=\"elementor-section elementor-top-section elementor-element elementor-element-4bb00f1 elementor-section-boxed elementor-section-height-default elementor-section-height-default\" data-id=\"4bb00f1\" data-element_type=\"section\" data-e-type=\"section\">\n\t\t\t\t\t\t<div class=\"elementor-container elementor-column-gap-default\">\n\t\t\t\t\t<div class=\"elementor-column elementor-col-100 elementor-top-column elementor-element elementor-element-ae160af\" data-id=\"ae160af\" data-element_type=\"column\" data-e-type=\"column\">\n\t\t\t<div class=\"elementor-widget-wrap elementor-element-populated\">\n\t\t\t\t\t\t<div class=\"elementor-element elementor-element-56524d6 elementor-widget elementor-widget-text-editor\" data-id=\"56524d6\" data-element_type=\"widget\" data-e-type=\"widget\" data-widget_type=\"text-editor.default\">\n\t\t\t\t<div class=\"elementor-widget-container\">\n\t\t\t\t\t\t\t\t\t<p>V\u00e6lg dit land for rejser i dit land:<\/p>\n\t\t\t\t\t\t\t\t<\/div>\n\t\t\t\t<\/div>\n\t\t\t\t<div class=\"elementor-element elementor-element-54044d5 elementor-widget elementor-widget-wpml-language-switcher\" data-id=\"54044d5\" data-element_type=\"widget\" data-e-type=\"widget\" data-widget_type=\"wpml-language-switcher.default\">\n\t\t\t\t<div class=\"elementor-widget-container\">\n\t\t\t\t\t<div class=\"wpml-elementor-ls\">\n<div class=\"wpml-ls-statics-shortcode_actions wpml-ls wpml-ls-legacy-list-horizontal\">\n\t<ul role=\"menu\"><li class=\"wpml-ls-slot-shortcode_actions wpml-ls-item wpml-ls-item-nl wpml-ls-first-item wpml-ls-item-legacy-list-horizontal\" role=\"none\">\n\t\t\t\t<a href=\"https:\/\/intranet.masterskip.com\/\" class=\"wpml-ls-link\" role=\"menuitem\"  aria-label=\"Switch to Dutch(Nederlands)\" title=\"Switch to Dutch(Nederlands)\" >\n                                                        <img decoding=\"async\"\n            class=\"wpml-ls-flag\"\n            src=\"https:\/\/intranet.masterskip.com\/wp-content\/plugins\/sitepress-multilingual-cms\/res\/flags\/nl.svg\"\n            alt=\"\"\n            width=18\n            height=12\n    \/><span class=\"wpml-ls-native\" lang=\"nl\">Nederlands<\/span><span class=\"wpml-ls-display\"><span class=\"wpml-ls-bracket\"> (<\/span>Dutch<span class=\"wpml-ls-bracket\">)<\/span><\/span><\/a>\n\t\t\t<\/li><li class=\"wpml-ls-slot-shortcode_actions wpml-ls-item wpml-ls-item-en wpml-ls-item-legacy-list-horizontal\" role=\"none\">\n\t\t\t\t<a href=\"https:\/\/intranet.masterskip.com\/en\/\" class=\"wpml-ls-link\" role=\"menuitem\"  aria-label=\"Switch to English(English)\" title=\"Switch to English(English)\" >\n                                                        <img decoding=\"async\"\n            class=\"wpml-ls-flag\"\n            src=\"https:\/\/intranet.masterskip.com\/wp-content\/plugins\/sitepress-multilingual-cms\/res\/flags\/en.svg\"\n            alt=\"\"\n            width=18\n            height=12\n    \/><span class=\"wpml-ls-native\" lang=\"en\">English<\/span><\/a>\n\t\t\t<\/li><li class=\"wpml-ls-slot-shortcode_actions wpml-ls-item wpml-ls-item-de wpml-ls-item-legacy-list-horizontal\" role=\"none\">\n\t\t\t\t<a href=\"https:\/\/intranet.masterskip.com\/de\/\" class=\"wpml-ls-link\" role=\"menuitem\"  aria-label=\"Switch to German(Deutsch)\" title=\"Switch to German(Deutsch)\" >\n                                                        <img decoding=\"async\"\n            class=\"wpml-ls-flag\"\n            src=\"https:\/\/intranet.masterskip.com\/wp-content\/plugins\/sitepress-multilingual-cms\/res\/flags\/de.svg\"\n            alt=\"\"\n            width=18\n            height=12\n    \/><span class=\"wpml-ls-native\" lang=\"de\">Deutsch<\/span><span class=\"wpml-ls-display\"><span class=\"wpml-ls-bracket\"> (<\/span>German<span class=\"wpml-ls-bracket\">)<\/span><\/span><\/a>\n\t\t\t<\/li><li class=\"wpml-ls-slot-shortcode_actions wpml-ls-item wpml-ls-item-pl wpml-ls-item-legacy-list-horizontal\" role=\"none\">\n\t\t\t\t<a href=\"https:\/\/intranet.masterskip.com\/pl\/\" class=\"wpml-ls-link\" role=\"menuitem\"  aria-label=\"Switch to Polish(Polski)\" title=\"Switch to Polish(Polski)\" >\n                                                        <img decoding=\"async\"\n            class=\"wpml-ls-flag\"\n            src=\"https:\/\/intranet.masterskip.com\/wp-content\/plugins\/sitepress-multilingual-cms\/res\/flags\/pl.svg\"\n            alt=\"\"\n            width=18\n            height=12\n    \/><span class=\"wpml-ls-native\" lang=\"pl\">Polski<\/span><span class=\"wpml-ls-display\"><span class=\"wpml-ls-bracket\"> (<\/span>Polish<span class=\"wpml-ls-bracket\">)<\/span><\/span><\/a>\n\t\t\t<\/li><li class=\"wpml-ls-slot-shortcode_actions wpml-ls-item wpml-ls-item-da wpml-ls-current-language wpml-ls-last-item wpml-ls-item-legacy-list-horizontal\" role=\"none\">\n\t\t\t\t<a href=\"https:\/\/intranet.masterskip.com\/da\/\" class=\"wpml-ls-link\" role=\"menuitem\" >\n                                                        <img decoding=\"async\"\n            class=\"wpml-ls-flag\"\n            src=\"https:\/\/intranet.masterskip.com\/wp-content\/plugins\/sitepress-multilingual-cms\/res\/flags\/da.svg\"\n            alt=\"\"\n            width=18\n            height=12\n    \/><span class=\"wpml-ls-native\" role=\"menuitem\">Dansk<\/span><\/a>\n\t\t\t<\/li><\/ul>\n<\/div>\n<\/div>\t\t\t\t<\/div>\n\t\t\t\t<\/div>\n\t\t\t\t\t<\/div>\n\t\t<\/div>\n\t\t\t\t\t<\/div>\n\t\t<\/section>\n\t\t\t\t<section class=\"elementor-section elementor-top-section elementor-element elementor-element-b9dfde5 elementor-section-boxed elementor-section-height-default elementor-section-height-default\" data-id=\"b9dfde5\" data-element_type=\"section\" data-e-type=\"section\">\n\t\t\t\t\t\t<div class=\"elementor-container elementor-column-gap-default\">\n\t\t\t\t\t<div class=\"elementor-column elementor-col-100 elementor-top-column elementor-element elementor-element-d79f9df\" data-id=\"d79f9df\" data-element_type=\"column\" data-e-type=\"column\">\n\t\t\t<div class=\"elementor-widget-wrap elementor-element-populated\">\n\t\t\t\t\t\t<div class=\"elementor-element elementor-element-f49f723 elementor-widget elementor-widget-heading\" data-id=\"f49f723\" data-element_type=\"widget\" data-e-type=\"widget\" data-widget_type=\"heading.default\">\n\t\t\t\t<div class=\"elementor-widget-container\">\n\t\t\t\t\t<h2 class=\"elementor-heading-title elementor-size-default\">Sejl p\u00e5 Wylde Swan<\/h2>\t\t\t\t<\/div>\n\t\t\t\t<\/div>\n\t\t\t\t<div class=\"elementor-element elementor-element-8f87a20 elementor-widget elementor-widget-text-editor\" data-id=\"8f87a20\" data-element_type=\"widget\" data-e-type=\"widget\" data-widget_type=\"text-editor.default\">\n\t\t\t\t<div class=\"elementor-widget-container\">\n\t\t\t\t\t\t\t\t\t<p>Skibet er velegnet til alle aldre, familier med b\u00f8rn samt seniorer. Oplev en to-timers sejltur og f\u00e5 en unik udsigt over alle skibene fra Tall Ship Regatta Aalborg \u2013 fra vandet ombord p\u00e5 et Tall Ship!<\/p>\n<p>Vi tilbyder dagsture fra Aalborg fra den 23. til 25. august 2024.<\/p>\n<p>Tider: 10:00 &#8211; 12:00, 14:00 &#8211; 16:00 og 19:00 &#8211; 21:00.<\/p>\n<p>Pris: 299 kr. for voksne \/ 175 kr. for b\u00f8rn op til 12 \u00e5r.<\/p>\n<p>Prisen inkluderer kaffe og te. Drikkevarer og snacks kan k\u00f8bes ombord.<\/p>\t\t\t\t\t\t\t\t<\/div>\n\t\t\t\t<\/div>\n\t\t\t\t\t<\/div>\n\t\t<\/div>\n\t\t\t\t\t<\/div>\n\t\t<\/section>\n\t\t\t\t<section class=\"elementor-section elementor-top-section elementor-element elementor-element-bbe9c4d elementor-section-boxed elementor-section-height-default elementor-section-height-default\" data-id=\"bbe9c4d\" data-element_type=\"section\" data-e-type=\"section\" data-settings=\"{&quot;background_background&quot;:&quot;classic&quot;}\">\n\t\t\t\t\t\t<div class=\"elementor-container elementor-column-gap-default\">\n\t\t\t\t\t<div class=\"elementor-column elementor-col-100 elementor-top-column elementor-element elementor-element-eb3e4c2\" data-id=\"eb3e4c2\" data-element_type=\"column\" data-e-type=\"column\">\n\t\t\t<div class=\"elementor-widget-wrap elementor-element-populated\">\n\t\t\t\t\t\t<div class=\"elementor-element elementor-element-1d075e9 elementor-widget elementor-widget-heading\" data-id=\"1d075e9\" data-element_type=\"widget\" data-e-type=\"widget\" data-widget_type=\"heading.default\">\n\t\t\t\t<div class=\"elementor-widget-container\">\n\t\t\t\t\t<h2 class=\"elementor-heading-title elementor-size-default\">Tag et kig p\u00e5 dagsturene<\/h2>\t\t\t\t<\/div>\n\t\t\t\t<\/div>\n\t\t\t\t<div class=\"elementor-element elementor-element-8e0ce0f elementor-widget elementor-widget-text-editor\" data-id=\"8e0ce0f\" data-element_type=\"widget\" data-e-type=\"widget\" data-widget_type=\"text-editor.default\">\n\t\t\t\t<div class=\"elementor-widget-container\">\n\t\t\t\t\t\t\t\t\t<p>Prisen inkluderer kaffe og te. Drikkevarer og snacks kan k\u00f8bes ombord.<\/p>\t\t\t\t\t\t\t\t<\/div>\n\t\t\t\t<\/div>\n\t\t\t\t\t<\/div>\n\t\t<\/div>\n\t\t\t\t\t<\/div>\n\t\t<\/section>\n\t\t\t\t<\/div>\n\t\t","protected":false},"excerpt":{"rendered":"<p>DAGSTURE P\u00e5 Wylde-svanen V\u00e6lg dit land for rejser i dit land: Nederlands English (Engels) Deutsch (Duits) Polski (Pools) Dansk (Deens) Sejl p\u00e5 Wylde Swan Skibet er velegnet til alle aldre, familier med b\u00f8rn samt seniorer. Oplev en to-timers sejltur og f\u00e5 en unik udsigt over alle skibene fra Tall Ship Regatta Aalborg \u2013 fra vandet [&hellip;]<\/p>\n","protected":false},"author":1,"featured_media":0,"parent":0,"menu_order":0,"comment_status":"closed","ping_status":"closed","template":"elementor_header_footer","meta":{"footnotes":""},"class_list":["post-969","page","type-page","status-publish","hentry"],"_links":{"self":[{"href":"https:\/\/intranet.masterskip.com\/da\/wp-json\/wp\/v2\/pages\/969","targetHints":{"allow":["GET"]}}],"collection":[{"href":"https:\/\/intranet.masterskip.com\/da\/wp-json\/wp\/v2\/pages"}],"about":[{"href":"https:\/\/intranet.masterskip.com\/da\/wp-json\/wp\/v2\/types\/page"}],"author":[{"embeddable":true,"href":"https:\/\/intranet.masterskip.com\/da\/wp-json\/wp\/v2\/users\/1"}],"replies":[{"embeddable":true,"href":"https:\/\/intranet.masterskip.com\/da\/wp-json\/wp\/v2\/comments?post=969"}],"version-history":[{"count":16,"href":"https:\/\/intranet.masterskip.com\/da\/wp-json\/wp\/v2\/pages\/969\/revisions"}],"predecessor-version":[{"id":1311,"href":"https:\/\/intranet.masterskip.com\/da\/wp-json\/wp\/v2\/pages\/969\/revisions\/1311"}],"wp:attachment":[{"href":"https:\/\/intranet.masterskip.com\/da\/wp-json\/wp\/v2\/media?parent=969"}],"curies":[{"name":"wp","href":"https:\/\/api.w.org\/{rel}","templated":true}]}}