{"id":2456,"date":"2025-04-17T14:56:02","date_gmt":"2025-04-17T14:56:02","guid":{"rendered":"https:\/\/intranet.masterskip.com\/?post_type=product&#038;p=2456"},"modified":"2025-06-23T16:35:24","modified_gmt":"2025-06-23T16:35:24","slug":"after-work-mit-dj-23-juni-2025-1900-2200","status":"publish","type":"product","link":"https:\/\/intranet.masterskip.com\/de\/produkt\/after-work-mit-dj-23-juni-2025-1900-2200\/","title":{"rendered":"23-jun-2025: After Work mit DJ (19:00 &#8211; 22:00)"},"content":{"rendered":"<ul>\n<li><strong>Fahrzeit:<\/strong> 19:00 &#8211; 22:00<\/li>\n<li><strong>Inklusive:<\/strong> Begr\u00fc\u00dfungsgetr\u00e4nk<\/li>\n<li><strong>Treffpunkt:<\/strong> Abfahrt- \/ Anlegestelle: Satorikai<\/li>\n<\/ul>\n<p>&nbsp;<\/p>\n<ul>\n<li><em>Segeln ist ein Outdoor-Erlebnis \u2013 denken Sie bitte an Sonnencreme und wettergerechte Kleidung! An Bord haben Sie die M\u00f6glichkeit, gesegelte Produkte wie Kaffee, Rum und Schokolade zu verkosten.<\/em><\/li>\n<\/ul>\n","protected":false},"excerpt":{"rendered":"<p>Bitte w\u00e4hlen Sie unten die passende Ticketkategorie: f\u00fcr Erwachsene oder f\u00fcr Kinder bis 14 Jahre.<\/p>\n","protected":false},"featured_media":2102,"template":"","meta":[],"product_brand":[],"product_cat":[86,62],"product_tag":[70],"class_list":{"0":"post-2456","1":"product","2":"type-product","3":"status-publish","4":"has-post-thumbnail","6":"product_cat-kiel","7":"product_cat-unkategorisiert","8":"product_tag-deutsch","10":"first","11":"instock","12":"taxable","13":"shipping-taxable","14":"purchasable","15":"product-type-variable"},"_links":{"self":[{"href":"https:\/\/intranet.masterskip.com\/de\/wp-json\/wp\/v2\/product\/2456","targetHints":{"allow":["GET"]}}],"collection":[{"href":"https:\/\/intranet.masterskip.com\/de\/wp-json\/wp\/v2\/product"}],"about":[{"href":"https:\/\/intranet.masterskip.com\/de\/wp-json\/wp\/v2\/types\/product"}],"wp:featuredmedia":[{"embeddable":true,"href":"https:\/\/intranet.masterskip.com\/de\/wp-json\/wp\/v2\/media\/2102"}],"wp:attachment":[{"href":"https:\/\/intranet.masterskip.com\/de\/wp-json\/wp\/v2\/media?parent=2456"}],"wp:term":[{"taxonomy":"product_brand","embeddable":true,"href":"https:\/\/intranet.masterskip.com\/de\/wp-json\/wp\/v2\/product_brand?post=2456"},{"taxonomy":"product_cat","embeddable":true,"href":"https:\/\/intranet.masterskip.com\/de\/wp-json\/wp\/v2\/product_cat?post=2456"},{"taxonomy":"product_tag","embeddable":true,"href":"https:\/\/intranet.masterskip.com\/de\/wp-json\/wp\/v2\/product_tag?post=2456"}],"curies":[{"name":"wp","href":"https:\/\/api.w.org\/{rel}","templated":true}]}}