{"id":2465,"date":"2025-04-17T16:35:39","date_gmt":"2025-04-17T16:35:39","guid":{"rendered":"https:\/\/intranet.masterskip.com\/?post_type=product&#038;p=2465"},"modified":"2025-06-25T11:57:16","modified_gmt":"2025-06-25T11:57:16","slug":"feuerwerkstoern-mit-dj-25-juni-2025-1930-2330","status":"publish","type":"product","link":"https:\/\/intranet.masterskip.com\/de\/produkt\/feuerwerkstoern-mit-dj-25-juni-2025-1930-2330\/","title":{"rendered":"25-jun-2025: Feuerwerkst\u00f6rn mit DJ (19:30 &#8211; 23:30)"},"content":{"rendered":"<ul>\n<li><strong>Fahrzeit:<\/strong> 19:30 &#8211; 23:30<\/li>\n<li><strong>Inklusive:<\/strong> Buffet mit H\u00e4ppchen<\/li>\n<li><strong>Treffpunkt:<\/strong> Abfahrts- \/ Anlegestelle: Satorikai<\/li>\n<\/ul>\n<p>&nbsp;<\/p>\n<ul>\n<li><em>Segeln ist ein Outdoor-Erlebnis \u2013 denken Sie bitte an Sonnencreme und wettergerechte Kleidung! An Bord haben Sie die M\u00f6glichkeit, gesegelte Produkte wie Kaffee, Rum und Schokolade zu verkosten.<\/em><\/li>\n<\/ul>\n","protected":false},"excerpt":{"rendered":"<p>Bitte w\u00e4hlen Sie unten die passende Ticketkategorie: f\u00fcr Erwachsene oder f\u00fcr Kinder bis 14 Jahre.<\/p>\n","protected":false},"featured_media":2062,"template":"","meta":[],"product_brand":[],"product_cat":[86,62],"product_tag":[70],"class_list":{"0":"post-2465","1":"product","2":"type-product","3":"status-publish","4":"has-post-thumbnail","6":"product_cat-kiel","7":"product_cat-unkategorisiert","8":"product_tag-deutsch","10":"first","11":"instock","12":"taxable","13":"shipping-taxable","14":"purchasable","15":"product-type-variable"},"_links":{"self":[{"href":"https:\/\/intranet.masterskip.com\/de\/wp-json\/wp\/v2\/product\/2465","targetHints":{"allow":["GET"]}}],"collection":[{"href":"https:\/\/intranet.masterskip.com\/de\/wp-json\/wp\/v2\/product"}],"about":[{"href":"https:\/\/intranet.masterskip.com\/de\/wp-json\/wp\/v2\/types\/product"}],"wp:featuredmedia":[{"embeddable":true,"href":"https:\/\/intranet.masterskip.com\/de\/wp-json\/wp\/v2\/media\/2062"}],"wp:attachment":[{"href":"https:\/\/intranet.masterskip.com\/de\/wp-json\/wp\/v2\/media?parent=2465"}],"wp:term":[{"taxonomy":"product_brand","embeddable":true,"href":"https:\/\/intranet.masterskip.com\/de\/wp-json\/wp\/v2\/product_brand?post=2465"},{"taxonomy":"product_cat","embeddable":true,"href":"https:\/\/intranet.masterskip.com\/de\/wp-json\/wp\/v2\/product_cat?post=2465"},{"taxonomy":"product_tag","embeddable":true,"href":"https:\/\/intranet.masterskip.com\/de\/wp-json\/wp\/v2\/product_tag?post=2465"}],"curies":[{"name":"wp","href":"https:\/\/api.w.org\/{rel}","templated":true}]}}