{"id":576,"date":"2024-07-09T10:33:12","date_gmt":"2024-07-09T10:33:12","guid":{"rendered":"https:\/\/intranet.masterskip.com\/sklep\/"},"modified":"2024-07-17T12:15:37","modified_gmt":"2024-07-17T12:15:37","slug":"sklep","status":"publish","type":"page","link":"https:\/\/intranet.masterskip.com\/pl\/sklep\/","title":{"rendered":"Sklep"},"content":{"rendered":"\t\t<div data-elementor-type=\"wp-page\" data-elementor-id=\"576\" class=\"elementor elementor-576 elementor-190\" data-elementor-post-type=\"page\">\n\t\t\t\t\t\t<section class=\"elementor-section elementor-top-section elementor-element elementor-element-a331cca elementor-section-boxed elementor-section-height-default elementor-section-height-default\" data-id=\"a331cca\" data-element_type=\"section\" data-e-type=\"section\">\n\t\t\t\t\t\t<div class=\"elementor-container elementor-column-gap-default\">\n\t\t\t\t\t<div class=\"elementor-column elementor-col-100 elementor-top-column elementor-element elementor-element-fec132f\" data-id=\"fec132f\" data-element_type=\"column\" data-e-type=\"column\">\n\t\t\t<div class=\"elementor-widget-wrap elementor-element-populated\">\n\t\t\t\t\t\t<div class=\"elementor-element elementor-element-8cb3561 elementor-widget elementor-widget-heading\" data-id=\"8cb3561\" data-element_type=\"widget\" data-e-type=\"widget\" data-widget_type=\"heading.default\">\n\t\t\t\t<div class=\"elementor-widget-container\">\n\t\t\t\t\t<h1 class=\"elementor-heading-title elementor-size-default\">WEBWINKEL<\/h1>\t\t\t\t<\/div>\n\t\t\t\t<\/div>\n\t\t\t\t\t<\/div>\n\t\t<\/div>\n\t\t\t\t\t<\/div>\n\t\t<\/section>\n\t\t\t\t<section class=\"elementor-section elementor-top-section elementor-element elementor-element-de52bfb elementor-section-boxed elementor-section-height-default elementor-section-height-default\" data-id=\"de52bfb\" data-element_type=\"section\" data-e-type=\"section\">\n\t\t\t\t\t\t<div class=\"elementor-container elementor-column-gap-default\">\n\t\t\t\t\t<div class=\"elementor-column elementor-col-100 elementor-top-column elementor-element elementor-element-7232ddb\" data-id=\"7232ddb\" data-element_type=\"column\" data-e-type=\"column\">\n\t\t\t<div class=\"elementor-widget-wrap elementor-element-populated\">\n\t\t\t\t\t\t<div class=\"elementor-element elementor-element-c122480 elementor-grid-4 elementor-grid-tablet-3 elementor-grid-mobile-2 elementor-products-grid elementor-wc-products elementor-widget elementor-widget-woocommerce-products\" data-id=\"c122480\" data-element_type=\"widget\" data-e-type=\"widget\" data-widget_type=\"woocommerce-products.default\">\n\t\t\t\t<div class=\"elementor-widget-container\">\n\t\t\t\t\t<div class=\"woocommerce columns-4 \"><ul class=\"products elementor-grid columns-4\">\n<li class=\"product type-product post-434 status-publish first outofstock product_cat-bez-kategorii product_tag-polish has-post-thumbnail taxable shipping-taxable purchasable product-type-variable\">\n\t<a href=\"https:\/\/intranet.masterskip.com\/pl\/produkt\/szszecin-2-sierpnia-1000-1200\/\" class=\"woocommerce-LoopProduct-link woocommerce-loop-product__link\"><img fetchpriority=\"high\" decoding=\"async\" width=\"300\" height=\"300\" src=\"https:\/\/intranet.masterskip.com\/wp-content\/uploads\/2024\/07\/W8A9124-1-300x300.webp\" class=\"attachment-woocommerce_thumbnail size-woocommerce_thumbnail\" alt=\"Szszecin: 2 sierpnia, 10:00 - 12:00\" srcset=\"https:\/\/intranet.masterskip.com\/wp-content\/uploads\/2024\/07\/W8A9124-1-300x300.webp 300w, https:\/\/intranet.masterskip.com\/wp-content\/uploads\/2024\/07\/W8A9124-1-100x100.webp 100w\" sizes=\"(max-width: 300px) 100vw, 300px\" \/><h2 class=\"woocommerce-loop-product__title\">Szszecin: 2 sierpnia, 10:00 &#8211; 12:00<\/h2>\n\t<span class=\"price\"><span class=\"woocommerce-Price-amount amount\" aria-hidden=\"true\"><bdi><span class=\"woocommerce-Price-currencySymbol\">&euro;<\/span>&nbsp;15,00<\/bdi><\/span> <span aria-hidden=\"true\">&ndash;<\/span> <span class=\"woocommerce-Price-amount amount\" aria-hidden=\"true\"><bdi><span class=\"woocommerce-Price-currencySymbol\">&euro;<\/span>&nbsp;30,00<\/bdi><\/span><span class=\"screen-reader-text\">Zakres cen: od &euro;&nbsp;15,00 do &euro;&nbsp;30,00<\/span><\/span>\n<\/a><a href=\"https:\/\/intranet.masterskip.com\/pl\/produkt\/szszecin-2-sierpnia-1000-1200\/\" aria-describedby=\"woocommerce_loop_add_to_cart_link_describedby_434\" data-quantity=\"1\" class=\"button product_type_variable\" data-product_id=\"434\" data-product_sku=\"\" aria-label=\"Wybierz opcje dla &bdquo;Szszecin: 2 sierpnia, 10:00 - 12:00&rdquo;\" rel=\"nofollow\">Wybierz opcje<\/a>\t<span id=\"woocommerce_loop_add_to_cart_link_describedby_434\" class=\"screen-reader-text\">\n\t\tTen produkt ma wiele wariant\u00f3w. Opcje mo\u017cna wybra\u0107 na stronie produktu\t<\/span>\n<\/li>\n<li class=\"product type-product post-608 status-publish outofstock product_cat-bez-kategorii product_tag-polish has-post-thumbnail taxable shipping-taxable purchasable product-type-variable\">\n\t<a href=\"https:\/\/intranet.masterskip.com\/pl\/produkt\/szszecin-4-sierpnia-1500-1700\/\" class=\"woocommerce-LoopProduct-link woocommerce-loop-product__link\"><img decoding=\"async\" width=\"300\" height=\"300\" src=\"https:\/\/intranet.masterskip.com\/wp-content\/uploads\/2024\/07\/Wylde-Swan-onder-zeil-3-Klein-300x300.webp\" class=\"attachment-woocommerce_thumbnail size-woocommerce_thumbnail\" alt=\"Szszecin: 4 sierpnia, 15:00 - 17:00\" srcset=\"https:\/\/intranet.masterskip.com\/wp-content\/uploads\/2024\/07\/Wylde-Swan-onder-zeil-3-Klein-300x300.webp 300w, https:\/\/intranet.masterskip.com\/wp-content\/uploads\/2024\/07\/Wylde-Swan-onder-zeil-3-Klein-100x100.webp 100w, https:\/\/intranet.masterskip.com\/wp-content\/uploads\/2024\/07\/Wylde-Swan-onder-zeil-3-Klein-150x150.webp 150w\" sizes=\"(max-width: 300px) 100vw, 300px\" \/><h2 class=\"woocommerce-loop-product__title\">Szszecin: 4 sierpnia, 15:00 &#8211; 17:00<\/h2>\n\t<span class=\"price\"><span class=\"woocommerce-Price-amount amount\" aria-hidden=\"true\"><bdi><span class=\"woocommerce-Price-currencySymbol\">&euro;<\/span>&nbsp;15,00<\/bdi><\/span> <span aria-hidden=\"true\">&ndash;<\/span> <span class=\"woocommerce-Price-amount amount\" aria-hidden=\"true\"><bdi><span class=\"woocommerce-Price-currencySymbol\">&euro;<\/span>&nbsp;30,00<\/bdi><\/span><span class=\"screen-reader-text\">Zakres cen: od &euro;&nbsp;15,00 do &euro;&nbsp;30,00<\/span><\/span>\n<\/a><a href=\"https:\/\/intranet.masterskip.com\/pl\/produkt\/szszecin-4-sierpnia-1500-1700\/\" aria-describedby=\"woocommerce_loop_add_to_cart_link_describedby_608\" data-quantity=\"1\" class=\"button product_type_variable\" data-product_id=\"608\" data-product_sku=\"\" aria-label=\"Wybierz opcje dla &bdquo;Szszecin: 4 sierpnia, 15:00 - 17:00&rdquo;\" rel=\"nofollow\">Wybierz opcje<\/a>\t<span id=\"woocommerce_loop_add_to_cart_link_describedby_608\" class=\"screen-reader-text\">\n\t\tTen produkt ma wiele wariant\u00f3w. Opcje mo\u017cna wybra\u0107 na stronie produktu\t<\/span>\n<\/li>\n<li class=\"product type-product post-605 status-publish outofstock product_cat-bez-kategorii product_tag-polish has-post-thumbnail taxable shipping-taxable purchasable product-type-variable\">\n\t<a href=\"https:\/\/intranet.masterskip.com\/pl\/produkt\/szszecin-4-sierpnia-1000-1200\/\" class=\"woocommerce-LoopProduct-link woocommerce-loop-product__link\"><img decoding=\"async\" width=\"300\" height=\"300\" src=\"https:\/\/intranet.masterskip.com\/wp-content\/uploads\/2024\/07\/Wylde-Swan-onder-zeil-3-Klein-300x300.webp\" class=\"attachment-woocommerce_thumbnail size-woocommerce_thumbnail\" alt=\"Szszecin: 4 sierpnia, 10:00 - 12:00\" srcset=\"https:\/\/intranet.masterskip.com\/wp-content\/uploads\/2024\/07\/Wylde-Swan-onder-zeil-3-Klein-300x300.webp 300w, https:\/\/intranet.masterskip.com\/wp-content\/uploads\/2024\/07\/Wylde-Swan-onder-zeil-3-Klein-100x100.webp 100w, https:\/\/intranet.masterskip.com\/wp-content\/uploads\/2024\/07\/Wylde-Swan-onder-zeil-3-Klein-150x150.webp 150w\" sizes=\"(max-width: 300px) 100vw, 300px\" \/><h2 class=\"woocommerce-loop-product__title\">Szszecin: 4 sierpnia, 10:00 &#8211; 12:00<\/h2>\n\t<span class=\"price\"><span class=\"woocommerce-Price-amount amount\" aria-hidden=\"true\"><bdi><span class=\"woocommerce-Price-currencySymbol\">&euro;<\/span>&nbsp;15,00<\/bdi><\/span> <span aria-hidden=\"true\">&ndash;<\/span> <span class=\"woocommerce-Price-amount amount\" aria-hidden=\"true\"><bdi><span class=\"woocommerce-Price-currencySymbol\">&euro;<\/span>&nbsp;30,00<\/bdi><\/span><span class=\"screen-reader-text\">Zakres cen: od &euro;&nbsp;15,00 do &euro;&nbsp;30,00<\/span><\/span>\n<\/a><a href=\"https:\/\/intranet.masterskip.com\/pl\/produkt\/szszecin-4-sierpnia-1000-1200\/\" aria-describedby=\"woocommerce_loop_add_to_cart_link_describedby_605\" data-quantity=\"1\" class=\"button product_type_variable\" data-product_id=\"605\" data-product_sku=\"\" aria-label=\"Wybierz opcje dla &bdquo;Szszecin: 4 sierpnia, 10:00 - 12:00&rdquo;\" rel=\"nofollow\">Wybierz opcje<\/a>\t<span id=\"woocommerce_loop_add_to_cart_link_describedby_605\" class=\"screen-reader-text\">\n\t\tTen produkt ma wiele wariant\u00f3w. Opcje mo\u017cna wybra\u0107 na stronie produktu\t<\/span>\n<\/li>\n<li class=\"product type-product post-602 status-publish last outofstock product_cat-bez-kategorii product_tag-polish has-post-thumbnail taxable shipping-taxable purchasable product-type-variable\">\n\t<a href=\"https:\/\/intranet.masterskip.com\/pl\/produkt\/szszecin-3-sierpnia-1500-1700\/\" class=\"woocommerce-LoopProduct-link woocommerce-loop-product__link\"><img loading=\"lazy\" decoding=\"async\" width=\"300\" height=\"300\" src=\"https:\/\/intranet.masterskip.com\/wp-content\/uploads\/2024\/07\/AopZ_WS_Cuba_Jamaica__15_04_2018_2301_2_11zon-scaled-300x300.webp\" class=\"attachment-woocommerce_thumbnail size-woocommerce_thumbnail\" alt=\"Szszecin: 3 sierpnia, 15:00 - 17:00\" srcset=\"https:\/\/intranet.masterskip.com\/wp-content\/uploads\/2024\/07\/AopZ_WS_Cuba_Jamaica__15_04_2018_2301_2_11zon-scaled-300x300.webp 300w, https:\/\/intranet.masterskip.com\/wp-content\/uploads\/2024\/07\/AopZ_WS_Cuba_Jamaica__15_04_2018_2301_2_11zon-scaled-100x100.webp 100w, https:\/\/intranet.masterskip.com\/wp-content\/uploads\/2024\/07\/AopZ_WS_Cuba_Jamaica__15_04_2018_2301_2_11zon-150x150.webp 150w\" sizes=\"(max-width: 300px) 100vw, 300px\" \/><h2 class=\"woocommerce-loop-product__title\">Szszecin: 3 sierpnia, 15:00 &#8211; 17:00<\/h2>\n\t<span class=\"price\"><span class=\"woocommerce-Price-amount amount\" aria-hidden=\"true\"><bdi><span class=\"woocommerce-Price-currencySymbol\">&euro;<\/span>&nbsp;15,00<\/bdi><\/span> <span aria-hidden=\"true\">&ndash;<\/span> <span class=\"woocommerce-Price-amount amount\" aria-hidden=\"true\"><bdi><span class=\"woocommerce-Price-currencySymbol\">&euro;<\/span>&nbsp;30,00<\/bdi><\/span><span class=\"screen-reader-text\">Zakres cen: od &euro;&nbsp;15,00 do &euro;&nbsp;30,00<\/span><\/span>\n<\/a><a href=\"https:\/\/intranet.masterskip.com\/pl\/produkt\/szszecin-3-sierpnia-1500-1700\/\" aria-describedby=\"woocommerce_loop_add_to_cart_link_describedby_602\" data-quantity=\"1\" class=\"button product_type_variable\" data-product_id=\"602\" data-product_sku=\"\" aria-label=\"Wybierz opcje dla &bdquo;Szszecin: 3 sierpnia, 15:00 - 17:00&rdquo;\" rel=\"nofollow\">Wybierz opcje<\/a>\t<span id=\"woocommerce_loop_add_to_cart_link_describedby_602\" class=\"screen-reader-text\">\n\t\tTen produkt ma wiele wariant\u00f3w. Opcje mo\u017cna wybra\u0107 na stronie produktu\t<\/span>\n<\/li>\n<li class=\"product type-product post-599 status-publish first outofstock product_cat-bez-kategorii product_tag-polish has-post-thumbnail taxable shipping-taxable purchasable product-type-variable\">\n\t<a href=\"https:\/\/intranet.masterskip.com\/pl\/produkt\/szszecin-3-sierpnia-1000-1200\/\" class=\"woocommerce-LoopProduct-link woocommerce-loop-product__link\"><img loading=\"lazy\" decoding=\"async\" width=\"300\" height=\"300\" src=\"https:\/\/intranet.masterskip.com\/wp-content\/uploads\/2024\/07\/AopZ_WS_Cuba_Jamaica__15_04_2018_2301_2_11zon-scaled-300x300.webp\" class=\"attachment-woocommerce_thumbnail size-woocommerce_thumbnail\" alt=\"Szszecin: 3 sierpnia, 10:00 - 12:00\" srcset=\"https:\/\/intranet.masterskip.com\/wp-content\/uploads\/2024\/07\/AopZ_WS_Cuba_Jamaica__15_04_2018_2301_2_11zon-scaled-300x300.webp 300w, https:\/\/intranet.masterskip.com\/wp-content\/uploads\/2024\/07\/AopZ_WS_Cuba_Jamaica__15_04_2018_2301_2_11zon-scaled-100x100.webp 100w, https:\/\/intranet.masterskip.com\/wp-content\/uploads\/2024\/07\/AopZ_WS_Cuba_Jamaica__15_04_2018_2301_2_11zon-150x150.webp 150w\" sizes=\"(max-width: 300px) 100vw, 300px\" \/><h2 class=\"woocommerce-loop-product__title\">Szszecin: 3 sierpnia, 10:00 &#8211; 12:00<\/h2>\n\t<span class=\"price\"><span class=\"woocommerce-Price-amount amount\" aria-hidden=\"true\"><bdi><span class=\"woocommerce-Price-currencySymbol\">&euro;<\/span>&nbsp;15,00<\/bdi><\/span> <span aria-hidden=\"true\">&ndash;<\/span> <span class=\"woocommerce-Price-amount amount\" aria-hidden=\"true\"><bdi><span class=\"woocommerce-Price-currencySymbol\">&euro;<\/span>&nbsp;30,00<\/bdi><\/span><span class=\"screen-reader-text\">Zakres cen: od &euro;&nbsp;15,00 do &euro;&nbsp;30,00<\/span><\/span>\n<\/a><a href=\"https:\/\/intranet.masterskip.com\/pl\/produkt\/szszecin-3-sierpnia-1000-1200\/\" aria-describedby=\"woocommerce_loop_add_to_cart_link_describedby_599\" data-quantity=\"1\" class=\"button product_type_variable\" data-product_id=\"599\" data-product_sku=\"\" aria-label=\"Wybierz opcje dla &bdquo;Szszecin: 3 sierpnia, 10:00 - 12:00&rdquo;\" rel=\"nofollow\">Wybierz opcje<\/a>\t<span id=\"woocommerce_loop_add_to_cart_link_describedby_599\" class=\"screen-reader-text\">\n\t\tTen produkt ma wiele wariant\u00f3w. Opcje mo\u017cna wybra\u0107 na stronie produktu\t<\/span>\n<\/li>\n<li class=\"product type-product post-596 status-publish outofstock product_cat-bez-kategorii product_tag-polish has-post-thumbnail taxable shipping-taxable purchasable product-type-variable\">\n\t<a href=\"https:\/\/intranet.masterskip.com\/pl\/produkt\/szszecin-2-sierpnia-1500-1700\/\" class=\"woocommerce-LoopProduct-link woocommerce-loop-product__link\"><img loading=\"lazy\" decoding=\"async\" width=\"300\" height=\"300\" src=\"https:\/\/intranet.masterskip.com\/wp-content\/uploads\/2024\/07\/W8A9124-1-300x300.webp\" class=\"attachment-woocommerce_thumbnail size-woocommerce_thumbnail\" alt=\"Szszecin: 2 sierpnia, 15:00 - 17:00\" srcset=\"https:\/\/intranet.masterskip.com\/wp-content\/uploads\/2024\/07\/W8A9124-1-300x300.webp 300w, https:\/\/intranet.masterskip.com\/wp-content\/uploads\/2024\/07\/W8A9124-1-100x100.webp 100w\" sizes=\"(max-width: 300px) 100vw, 300px\" \/><h2 class=\"woocommerce-loop-product__title\">Szszecin: 2 sierpnia, 15:00 &#8211; 17:00<\/h2>\n\t<span class=\"price\"><span class=\"woocommerce-Price-amount amount\" aria-hidden=\"true\"><bdi><span class=\"woocommerce-Price-currencySymbol\">&euro;<\/span>&nbsp;15,00<\/bdi><\/span> <span aria-hidden=\"true\">&ndash;<\/span> <span class=\"woocommerce-Price-amount amount\" aria-hidden=\"true\"><bdi><span class=\"woocommerce-Price-currencySymbol\">&euro;<\/span>&nbsp;30,00<\/bdi><\/span><span class=\"screen-reader-text\">Zakres cen: od &euro;&nbsp;15,00 do &euro;&nbsp;30,00<\/span><\/span>\n<\/a><a href=\"https:\/\/intranet.masterskip.com\/pl\/produkt\/szszecin-2-sierpnia-1500-1700\/\" aria-describedby=\"woocommerce_loop_add_to_cart_link_describedby_596\" data-quantity=\"1\" class=\"button product_type_variable\" data-product_id=\"596\" data-product_sku=\"\" aria-label=\"Wybierz opcje dla &bdquo;Szszecin: 2 sierpnia, 15:00 - 17:00&rdquo;\" rel=\"nofollow\">Wybierz opcje<\/a>\t<span id=\"woocommerce_loop_add_to_cart_link_describedby_596\" class=\"screen-reader-text\">\n\t\tTen produkt ma wiele wariant\u00f3w. Opcje mo\u017cna wybra\u0107 na stronie produktu\t<\/span>\n<\/li>\n<\/ul>\n<\/div>\t\t\t\t<\/div>\n\t\t\t\t<\/div>\n\t\t\t\t\t<\/div>\n\t\t<\/div>\n\t\t\t\t\t<\/div>\n\t\t<\/section>\n\t\t\t\t<\/div>\n\t\t","protected":false},"excerpt":{"rendered":"<p>WEBWINKEL<\/p>\n","protected":false},"author":1,"featured_media":0,"parent":0,"menu_order":0,"comment_status":"closed","ping_status":"closed","template":"elementor_header_footer","meta":{"footnotes":""},"class_list":["post-576","page","type-page","status-publish","hentry"],"_links":{"self":[{"href":"https:\/\/intranet.masterskip.com\/pl\/wp-json\/wp\/v2\/pages\/576","targetHints":{"allow":["GET"]}}],"collection":[{"href":"https:\/\/intranet.masterskip.com\/pl\/wp-json\/wp\/v2\/pages"}],"about":[{"href":"https:\/\/intranet.masterskip.com\/pl\/wp-json\/wp\/v2\/types\/page"}],"author":[{"embeddable":true,"href":"https:\/\/intranet.masterskip.com\/pl\/wp-json\/wp\/v2\/users\/1"}],"replies":[{"embeddable":true,"href":"https:\/\/intranet.masterskip.com\/pl\/wp-json\/wp\/v2\/comments?post=576"}],"version-history":[{"count":0,"href":"https:\/\/intranet.masterskip.com\/pl\/wp-json\/wp\/v2\/pages\/576\/revisions"}],"wp:attachment":[{"href":"https:\/\/intranet.masterskip.com\/pl\/wp-json\/wp\/v2\/media?parent=576"}],"curies":[{"name":"wp","href":"https:\/\/api.w.org\/{rel}","templated":true}]}}