{"id":434,"date":"2024-07-16T14:04:50","date_gmt":"2024-07-16T14:04:50","guid":{"rendered":"https:\/\/intranet.masterskip.com\/?post_type=product&#038;p=434"},"modified":"2024-08-01T10:33:30","modified_gmt":"2024-08-01T10:33:30","slug":"szszecin-2-sierpnia-1000-1200","status":"publish","type":"product","link":"https:\/\/intranet.masterskip.com\/pl\/produkt\/szszecin-2-sierpnia-1000-1200\/","title":{"rendered":"Szszecin: 2 sierpnia, 10:00 &#8211; 12:00"},"content":{"rendered":"<p>Szczeg\u00f3\u0142y<\/p>\n<ul>\n<li>10:00 &#8211; 12:00<\/li>\n<li>Herbata i kawa wliczone w cen\u0119<\/li>\n<li>Napoje i przek\u0105ski mo\u017cna kupi\u0107 na pok\u0142adzie<\/li>\n<\/ul>\n","protected":false},"excerpt":{"rendered":"<p>Wybierz poni\u017cej odpowiedni rodzaj biletu: 12 lat lub m\u0142odszy, lub standardowy.<\/p>\n","protected":false},"featured_media":356,"template":"","meta":[],"product_brand":[],"product_cat":[63],"product_tag":[66],"class_list":{"0":"post-434","1":"product","2":"type-product","3":"status-publish","4":"has-post-thumbnail","6":"product_cat-bez-kategorii","7":"product_tag-polish","9":"first","10":"outofstock","11":"taxable","12":"shipping-taxable","13":"purchasable","14":"product-type-variable"},"_links":{"self":[{"href":"https:\/\/intranet.masterskip.com\/pl\/wp-json\/wp\/v2\/product\/434","targetHints":{"allow":["GET"]}}],"collection":[{"href":"https:\/\/intranet.masterskip.com\/pl\/wp-json\/wp\/v2\/product"}],"about":[{"href":"https:\/\/intranet.masterskip.com\/pl\/wp-json\/wp\/v2\/types\/product"}],"wp:featuredmedia":[{"embeddable":true,"href":"https:\/\/intranet.masterskip.com\/pl\/wp-json\/wp\/v2\/media\/356"}],"wp:attachment":[{"href":"https:\/\/intranet.masterskip.com\/pl\/wp-json\/wp\/v2\/media?parent=434"}],"wp:term":[{"taxonomy":"product_brand","embeddable":true,"href":"https:\/\/intranet.masterskip.com\/pl\/wp-json\/wp\/v2\/product_brand?post=434"},{"taxonomy":"product_cat","embeddable":true,"href":"https:\/\/intranet.masterskip.com\/pl\/wp-json\/wp\/v2\/product_cat?post=434"},{"taxonomy":"product_tag","embeddable":true,"href":"https:\/\/intranet.masterskip.com\/pl\/wp-json\/wp\/v2\/product_tag?post=434"}],"curies":[{"name":"wp","href":"https:\/\/api.w.org\/{rel}","templated":true}]}}